{"id":2,"date":"2018-04-11T17:27:54","date_gmt":"2018-04-11T17:27:54","guid":{"rendered":"http:\/\/ergy.test\/?page_id=2"},"modified":"2018-05-26T12:08:10","modified_gmt":"2018-05-26T17:08:10","slug":"sample-page","status":"publish","type":"page","link":"https:\/\/www.ergy.com.co\/","title":{"rendered":"Ergy"},"content":{"rendered":"<div class=\"col-sm-10 col-sm-offset-1\">\n<div class=\"col-sm-6\" id=\"mensaje-principal\">\n<p>Ergy es una aplicaci\u00f3n en la nube para la <strong>gesti\u00f3n y mantenimiento de activos<\/strong>.<\/p>\n<blockquote><p>Con Ergy tendr\u00e1s el control de los activos de tu empresa en cualquier lugar y en cualquier momento. Programa tus tareas, ejecutas tus trabajos, gestiona tus materiales, y analiza tu informaci\u00f3n con nuestra aplicaci\u00f3n.<\/p><\/blockquote>\n<\/div>\n<div class=\"videoWrapper col-sm-6\"><iframe loading=\"lazy\" src=\"https:\/\/www.youtube.com\/embed\/5bf0ZNAtnpI\" allowfullscreen=\"allowfullscreen\" width=\"560\" height=\"315\" frameborder=\"0\"><\/iframe><\/div>\n<\/p><\/div>\n","protected":false},"excerpt":{"rendered":"<p>Ergy es una aplicaci\u00f3n en la nube para la gesti\u00f3n y mantenimiento de activos. Con Ergy tendr\u00e1s el control de los activos de tu empresa en cualquier lugar y en cualquier momento. Programa tus tareas, ejecutas tus trabajos, gestiona tus materiales, y analiza tu informaci\u00f3n con nuestra aplicaci\u00f3n.<\/p>\n","protected":false},"author":1,"featured_media":0,"parent":0,"menu_order":0,"comment_status":"closed","ping_status":"open","template":"","meta":[],"_links":{"self":[{"href":"https:\/\/www.ergy.com.co\/index.php?rest_route=\/wp\/v2\/pages\/2"}],"collection":[{"href":"https:\/\/www.ergy.com.co\/index.php?rest_route=\/wp\/v2\/pages"}],"about":[{"href":"https:\/\/www.ergy.com.co\/index.php?rest_route=\/wp\/v2\/types\/page"}],"author":[{"embeddable":true,"href":"https:\/\/www.ergy.com.co\/index.php?rest_route=\/wp\/v2\/users\/1"}],"replies":[{"embeddable":true,"href":"https:\/\/www.ergy.com.co\/index.php?rest_route=%2Fwp%2Fv2%2Fcomments&post=2"}],"version-history":[{"count":2,"href":"https:\/\/www.ergy.com.co\/index.php?rest_route=\/wp\/v2\/pages\/2\/revisions"}],"predecessor-version":[{"id":180,"href":"https:\/\/www.ergy.com.co\/index.php?rest_route=\/wp\/v2\/pages\/2\/revisions\/180"}],"wp:attachment":[{"href":"https:\/\/www.ergy.com.co\/index.php?rest_route=%2Fwp%2Fv2%2Fmedia&parent=2"}],"curies":[{"name":"wp","href":"https:\/\/api.w.org\/{rel}","templated":true}]}}